{"id":81,"date":"2019-07-08T15:38:55","date_gmt":"2019-07-08T15:38:55","guid":{"rendered":"https:\/\/innovatest-iberica.es\/?page_id=81"},"modified":"2023-01-05T15:46:54","modified_gmt":"2023-01-05T15:46:54","slug":"tecnicas-de-medida-y-metalografia-s-a","status":"publish","type":"page","link":"https:\/\/innovatest-iberica.es\/?page_id=81","title":{"rendered":"Contacto"},"content":{"rendered":"\n<p class=\"has-vivid-cyan-blue-color has-text-color\"><strong>Horario de oficina:<\/strong><\/p>\n\n\n\n<p>De lunes a jueves de 8:00a 18:30 y los viernes de 8:00 a 15:30<\/p>\n\n\n\n<p>Tambi\u00e9n puede comunicarse con nosotros a trav\u00e9s de correo electr\u00f3nico a cualquier hora y podremos ir adelantando su consulta.<\/p>\n\n\n\n<p class=\"has-vivid-green-cyan-color has-text-color\"><strong>WhatsApp<\/strong>: 601394965<\/p>\n\n\n\n<p class=\"has-vivid-cyan-blue-color has-text-color\"><strong>Tel\u00e9fonos:<\/strong><\/p>\n\n\n\n<ul class=\"wp-block-list\">\n<li>913562294<\/li>\n\n\n\n<li>913555807<\/li>\n\n\n\n<li>913562037<\/li>\n<\/ul>\n\n\n\n<p class=\"has-vivid-cyan-blue-color has-text-color\"><strong>Correo electr\u00f3nico:<\/strong><\/p>\n\n\n\n<ul class=\"wp-block-list\">\n<li><a href=\"mailto:info@tecnimetalsa.com\">info@tecnimetalsa.com<\/a><\/li>\n<\/ul>\n\n\n\n<p class=\"has-vivid-cyan-blue-color has-text-color\"><strong>Soporte T\u00e9cnico: <\/strong><\/p>\n\n\n\n<ul class=\"wp-block-list\">\n<li><a href=\"mailto:soporte@tecnimetalsa.es\">soporte@tecnimetalsa.es <\/a><\/li>\n<\/ul>\n\n\n\n<p class=\"has-vivid-cyan-blue-color has-text-color\"><strong>Sala de demostraciones 300m2 <\/strong><\/p>\n\n\n\n<p>Camino de Hormigueras 124 6\u00ba J                                                                28031 Madrid <\/p>\n\n\n<div class=\"wpforms-container wpforms-container-full wpforms-block wpforms-block-d0f24bf9-1680-4672-9dbf-def2da1d0044\" id=\"wpforms-242\"><form id=\"wpforms-form-242\" class=\"wpforms-validate wpforms-form wpforms-ajax-form\" data-formid=\"242\" method=\"post\" enctype=\"multipart\/form-data\" action=\"\/index.php?rest_route=%2Fwp%2Fv2%2Fpages%2F81\" data-token=\"3f09b475207fbdd241ab8a322fb66827\" data-token-time=\"1778070551\"><noscript class=\"wpforms-error-noscript\">Por favor, activa JavaScript en tu navegador para completar este formulario.<\/noscript><div class=\"wpforms-field-container\"><div id=\"wpforms-242-field_0-container\" class=\"wpforms-field wpforms-field-name\" data-field-id=\"0\"><label class=\"wpforms-field-label\" for=\"wpforms-242-field_0\">Nombre <span class=\"wpforms-required-label\">*<\/span><\/label><input type=\"text\" id=\"wpforms-242-field_0\" class=\"wpforms-field-medium wpforms-field-required\" name=\"wpforms[fields][0]\" required><\/div><div id=\"wpforms-242-field_1-container\" class=\"wpforms-field wpforms-field-email\" data-field-id=\"1\"><label class=\"wpforms-field-label\" for=\"wpforms-242-field_1\">Correo electr\u00f3nico <span class=\"wpforms-required-label\">*<\/span><\/label><input type=\"email\" id=\"wpforms-242-field_1\" class=\"wpforms-field-medium wpforms-field-required\" name=\"wpforms[fields][1]\" spellcheck=\"false\" required><\/div><div id=\"wpforms-242-field_2-container\" class=\"wpforms-field wpforms-field-textarea\" data-field-id=\"2\"><label class=\"wpforms-field-label\" for=\"wpforms-242-field_2\">Comentario o mensaje <span class=\"wpforms-required-label\">*<\/span><\/label><textarea id=\"wpforms-242-field_2\" class=\"wpforms-field-medium wpforms-field-required\" name=\"wpforms[fields][2]\" required><\/textarea><\/div><div id=\"wpforms-242-field_4-container\" class=\"wpforms-field wpforms-field-gdpr-checkbox\" data-field-id=\"4\"><label class=\"wpforms-field-label\">Acuerdo RGPD  <span class=\"wpforms-required-label\">*<\/span><\/label><ul id=\"wpforms-242-field_4\" class=\"wpforms-field-required\"><li class=\"choice-1\"><input type=\"checkbox\" id=\"wpforms-242-field_4_1\" name=\"wpforms[fields][4][]\" value=\"Doy mi consentimiento para que esta web almacene la informaci\u00f3n que env\u00edo para que puedan responder a mi petici\u00f3n. \" required ><label class=\"wpforms-field-label-inline\" for=\"wpforms-242-field_4_1\">Doy mi consentimiento para que esta web almacene la informaci\u00f3n que env\u00edo para que puedan responder a mi petici\u00f3n. <\/label><\/li><\/ul><\/div><\/div><!-- .wpforms-field-container --><div class=\"wpforms-field wpforms-field-hp\"><label for=\"wpforms-242-field-hp\" class=\"wpforms-field-label\">Message<\/label><input type=\"text\" name=\"wpforms[hp]\" id=\"wpforms-242-field-hp\" class=\"wpforms-field-medium\"><\/div><div class=\"wpforms-recaptcha-container wpforms-is-recaptcha wpforms-is-recaptcha-type-v2\" ><div class=\"g-recaptcha\" data-sitekey=\"6Ld517saAAAAAID9x3R6hkbLg2PzQBVXmUME-0Ow\"><\/div><input type=\"text\" name=\"g-recaptcha-hidden\" class=\"wpforms-recaptcha-hidden\" style=\"position:absolute!important;clip:rect(0,0,0,0)!important;height:1px!important;width:1px!important;border:0!important;overflow:hidden!important;padding:0!important;margin:0!important;\" data-rule-recaptcha=\"1\"><\/div><div class=\"wpforms-submit-container\" ><input type=\"hidden\" name=\"wpforms[id]\" value=\"242\"><input type=\"hidden\" name=\"page_title\" value=\"\"><input type=\"hidden\" name=\"page_url\" value=\"https:\/\/innovatest-iberica.es\/index.php?rest_route=\/wp\/v2\/pages\/81\"><input type=\"hidden\" name=\"url_referer\" value=\"\"><button type=\"submit\" name=\"wpforms[submit]\" id=\"wpforms-submit-242\" class=\"wpforms-submit\" data-alt-text=\"Enviando...\" data-submit-text=\"Enviar\" aria-live=\"assertive\" value=\"wpforms-submit\">Enviar<\/button><img loading=\"lazy\" decoding=\"async\" src=\"https:\/\/innovatest-iberica.es\/wp-content\/plugins\/wpforms-lite\/assets\/images\/submit-spin.svg\" class=\"wpforms-submit-spinner\" style=\"display: none;\" width=\"26\" height=\"26\" alt=\"Cargando\"><\/div><\/form><\/div>  <!-- .wpforms-container -->","protected":false},"excerpt":{"rendered":"<p>Horario de oficina: De lunes a jueves de 8:00a 18:30 y los viernes de 8:00 a 15:30 Tambi\u00e9n puede comunicarse con nosotros a trav\u00e9s de correo electr\u00f3nico a cualquier hora y podremos ir adelantando su consulta. WhatsApp: 601394965 Tel\u00e9fonos: Correo electr\u00f3nico: Soporte T\u00e9cnico: Sala de demostraciones 300m2 Camino de Hormigueras 124 6\u00ba J 28031 Madrid<\/p>\n","protected":false},"author":1,"featured_media":0,"parent":0,"menu_order":0,"comment_status":"closed","ping_status":"closed","template":"","meta":{"_joinchat":[],"footnotes":""},"class_list":["post-81","page","type-page","status-publish","hentry"],"yoast_head":"<!-- This site is optimized with the Yoast SEO plugin v27.5 - https:\/\/yoast.com\/product\/yoast-seo-wordpress\/ -->\n<title>Contacto - Durometros innovatest<\/title>\n<meta name=\"robots\" content=\"index, follow, max-snippet:-1, max-image-preview:large, max-video-preview:-1\" \/>\n<link rel=\"canonical\" href=\"https:\/\/innovatest-iberica.es\/?page_id=81\" \/>\n<meta property=\"og:locale\" content=\"es_ES\" \/>\n<meta property=\"og:type\" content=\"article\" \/>\n<meta property=\"og:title\" content=\"Contacto - Durometros innovatest\" \/>\n<meta property=\"og:description\" content=\"Horario de oficina: De lunes a jueves de 8:00a 18:30 y los viernes de 8:00 a 15:30 Tambi\u00e9n puede comunicarse con nosotros a trav\u00e9s de correo electr\u00f3nico a cualquier hora y podremos ir adelantando su consulta. WhatsApp: 601394965 Tel\u00e9fonos: Correo electr\u00f3nico: Soporte T\u00e9cnico: Sala de demostraciones 300m2 Camino de Hormigueras 124 6\u00ba J 28031 Madrid\" \/>\n<meta property=\"og:url\" content=\"https:\/\/innovatest-iberica.es\/?page_id=81\" \/>\n<meta property=\"og:site_name\" content=\"Durometros innovatest\" \/>\n<meta property=\"article:modified_time\" content=\"2023-01-05T15:46:54+00:00\" \/>\n<meta name=\"twitter:card\" content=\"summary_large_image\" \/>\n<meta name=\"twitter:label1\" content=\"Tiempo de lectura\" \/>\n\t<meta name=\"twitter:data1\" content=\"1 minuto\" \/>\n<script type=\"application\/ld+json\" class=\"yoast-schema-graph\">{\"@context\":\"https:\\\/\\\/schema.org\",\"@graph\":[{\"@type\":\"WebPage\",\"@id\":\"https:\\\/\\\/innovatest-iberica.es\\\/?page_id=81\",\"url\":\"https:\\\/\\\/innovatest-iberica.es\\\/?page_id=81\",\"name\":\"Contacto - Durometros innovatest\",\"isPartOf\":{\"@id\":\"https:\\\/\\\/innovatest-iberica.es\\\/#website\"},\"datePublished\":\"2019-07-08T15:38:55+00:00\",\"dateModified\":\"2023-01-05T15:46:54+00:00\",\"breadcrumb\":{\"@id\":\"https:\\\/\\\/innovatest-iberica.es\\\/?page_id=81#breadcrumb\"},\"inLanguage\":\"es\",\"potentialAction\":[{\"@type\":\"ReadAction\",\"target\":[\"https:\\\/\\\/innovatest-iberica.es\\\/?page_id=81\"]}]},{\"@type\":\"BreadcrumbList\",\"@id\":\"https:\\\/\\\/innovatest-iberica.es\\\/?page_id=81#breadcrumb\",\"itemListElement\":[{\"@type\":\"ListItem\",\"position\":1,\"name\":\"Home\",\"item\":\"https:\\\/\\\/innovatest-iberica.es\\\/\"},{\"@type\":\"ListItem\",\"position\":2,\"name\":\"Contacto\"}]},{\"@type\":\"WebSite\",\"@id\":\"https:\\\/\\\/innovatest-iberica.es\\\/#website\",\"url\":\"https:\\\/\\\/innovatest-iberica.es\\\/\",\"name\":\"Durometros innovatest\",\"description\":\"Durometros y microdurometros Rockwell Brinell Vickers Knoop Universales y portatiles\",\"publisher\":{\"@id\":\"https:\\\/\\\/innovatest-iberica.es\\\/#organization\"},\"potentialAction\":[{\"@type\":\"SearchAction\",\"target\":{\"@type\":\"EntryPoint\",\"urlTemplate\":\"https:\\\/\\\/innovatest-iberica.es\\\/?s={search_term_string}\"},\"query-input\":{\"@type\":\"PropertyValueSpecification\",\"valueRequired\":true,\"valueName\":\"search_term_string\"}}],\"inLanguage\":\"es\"},{\"@type\":\"Organization\",\"@id\":\"https:\\\/\\\/innovatest-iberica.es\\\/#organization\",\"name\":\"Durometros innovatest\",\"url\":\"https:\\\/\\\/innovatest-iberica.es\\\/\",\"logo\":{\"@type\":\"ImageObject\",\"inLanguage\":\"es\",\"@id\":\"https:\\\/\\\/innovatest-iberica.es\\\/#\\\/schema\\\/logo\\\/image\\\/\",\"url\":\"https:\\\/\\\/innovatest-iberica.es\\\/wp-content\\\/uploads\\\/2019\\\/07\\\/cropped-Tecnimetalazul-diapositiva.bmp\",\"contentUrl\":\"https:\\\/\\\/innovatest-iberica.es\\\/wp-content\\\/uploads\\\/2019\\\/07\\\/cropped-Tecnimetalazul-diapositiva.bmp\",\"width\":620,\"height\":250,\"caption\":\"Durometros innovatest\"},\"image\":{\"@id\":\"https:\\\/\\\/innovatest-iberica.es\\\/#\\\/schema\\\/logo\\\/image\\\/\"}}]}<\/script>\n<!-- \/ Yoast SEO plugin. -->","yoast_head_json":{"title":"Contacto - Durometros innovatest","robots":{"index":"index","follow":"follow","max-snippet":"max-snippet:-1","max-image-preview":"max-image-preview:large","max-video-preview":"max-video-preview:-1"},"canonical":"https:\/\/innovatest-iberica.es\/?page_id=81","og_locale":"es_ES","og_type":"article","og_title":"Contacto - Durometros innovatest","og_description":"Horario de oficina: De lunes a jueves de 8:00a 18:30 y los viernes de 8:00 a 15:30 Tambi\u00e9n puede comunicarse con nosotros a trav\u00e9s de correo electr\u00f3nico a cualquier hora y podremos ir adelantando su consulta. WhatsApp: 601394965 Tel\u00e9fonos: Correo electr\u00f3nico: Soporte T\u00e9cnico: Sala de demostraciones 300m2 Camino de Hormigueras 124 6\u00ba J 28031 Madrid","og_url":"https:\/\/innovatest-iberica.es\/?page_id=81","og_site_name":"Durometros innovatest","article_modified_time":"2023-01-05T15:46:54+00:00","twitter_card":"summary_large_image","twitter_misc":{"Tiempo de lectura":"1 minuto"},"schema":{"@context":"https:\/\/schema.org","@graph":[{"@type":"WebPage","@id":"https:\/\/innovatest-iberica.es\/?page_id=81","url":"https:\/\/innovatest-iberica.es\/?page_id=81","name":"Contacto - Durometros innovatest","isPartOf":{"@id":"https:\/\/innovatest-iberica.es\/#website"},"datePublished":"2019-07-08T15:38:55+00:00","dateModified":"2023-01-05T15:46:54+00:00","breadcrumb":{"@id":"https:\/\/innovatest-iberica.es\/?page_id=81#breadcrumb"},"inLanguage":"es","potentialAction":[{"@type":"ReadAction","target":["https:\/\/innovatest-iberica.es\/?page_id=81"]}]},{"@type":"BreadcrumbList","@id":"https:\/\/innovatest-iberica.es\/?page_id=81#breadcrumb","itemListElement":[{"@type":"ListItem","position":1,"name":"Home","item":"https:\/\/innovatest-iberica.es\/"},{"@type":"ListItem","position":2,"name":"Contacto"}]},{"@type":"WebSite","@id":"https:\/\/innovatest-iberica.es\/#website","url":"https:\/\/innovatest-iberica.es\/","name":"Durometros innovatest","description":"Durometros y microdurometros Rockwell Brinell Vickers Knoop Universales y portatiles","publisher":{"@id":"https:\/\/innovatest-iberica.es\/#organization"},"potentialAction":[{"@type":"SearchAction","target":{"@type":"EntryPoint","urlTemplate":"https:\/\/innovatest-iberica.es\/?s={search_term_string}"},"query-input":{"@type":"PropertyValueSpecification","valueRequired":true,"valueName":"search_term_string"}}],"inLanguage":"es"},{"@type":"Organization","@id":"https:\/\/innovatest-iberica.es\/#organization","name":"Durometros innovatest","url":"https:\/\/innovatest-iberica.es\/","logo":{"@type":"ImageObject","inLanguage":"es","@id":"https:\/\/innovatest-iberica.es\/#\/schema\/logo\/image\/","url":"https:\/\/innovatest-iberica.es\/wp-content\/uploads\/2019\/07\/cropped-Tecnimetalazul-diapositiva.bmp","contentUrl":"https:\/\/innovatest-iberica.es\/wp-content\/uploads\/2019\/07\/cropped-Tecnimetalazul-diapositiva.bmp","width":620,"height":250,"caption":"Durometros innovatest"},"image":{"@id":"https:\/\/innovatest-iberica.es\/#\/schema\/logo\/image\/"}}]}},"_links":{"self":[{"href":"https:\/\/innovatest-iberica.es\/index.php?rest_route=\/wp\/v2\/pages\/81","targetHints":{"allow":["GET"]}}],"collection":[{"href":"https:\/\/innovatest-iberica.es\/index.php?rest_route=\/wp\/v2\/pages"}],"about":[{"href":"https:\/\/innovatest-iberica.es\/index.php?rest_route=\/wp\/v2\/types\/page"}],"author":[{"embeddable":true,"href":"https:\/\/innovatest-iberica.es\/index.php?rest_route=\/wp\/v2\/users\/1"}],"replies":[{"embeddable":true,"href":"https:\/\/innovatest-iberica.es\/index.php?rest_route=%2Fwp%2Fv2%2Fcomments&post=81"}],"version-history":[{"count":11,"href":"https:\/\/innovatest-iberica.es\/index.php?rest_route=\/wp\/v2\/pages\/81\/revisions"}],"predecessor-version":[{"id":394,"href":"https:\/\/innovatest-iberica.es\/index.php?rest_route=\/wp\/v2\/pages\/81\/revisions\/394"}],"wp:attachment":[{"href":"https:\/\/innovatest-iberica.es\/index.php?rest_route=%2Fwp%2Fv2%2Fmedia&parent=81"}],"curies":[{"name":"wp","href":"https:\/\/api.w.org\/{rel}","templated":true}]}}